{"id":225,"date":"2017-07-27T14:50:37","date_gmt":"2017-07-27T12:50:37","guid":{"rendered":"http:\/\/www.bg-amtsschimmel.com\/?page_id=225"},"modified":"2017-07-28T10:01:06","modified_gmt":"2017-07-28T08:01:06","slug":"gericht-wien-10","status":"publish","type":"page","link":"https:\/\/www.bg-amtsschimmel.com\/?page_id=225","title":{"rendered":"Gericht Wien 10"},"content":{"rendered":"<p>Neues vom Gericht Wien 10. Richter f\u00fchrt sich wieder einmal f\u00fcrchterlich auf. Vor 2 Jahren spukte ein Autofahrer meine Frau und mich durch das offene Fenster an. Mir ist es dann gelungen, nach der 3. Kreuzung ihn zu stoppen. er wollte mich dann \u00fcberfahren. Weil das nicht gelungen ist, sprang er aus dem Auto und schlug zu. Laut Richtlinien w\u00e4ren mir \u20ac 7.000,00 Schmerzensgeld zugestanden. Ich habe nur \u20ac 3.000,00 geklagt, mein Anwalt hat bei Gericht auf Aufforderung des Richters ohne mich zu fragen nur \u20ac 1.500,00 geklagt (er mu0\u00dfte anscheinend den Richter gut stimmen). Der Richter hat gemeint, das war f\u00fcr mich kein Grund ihn zu stoppen und zu fotografieren und mir geh\u00f6rt der F\u00fchrerschein abgenommen. Im 10. gibt es aber eine Richterin, die&#160; nicht einmal eine Rechnung nachvollziehen kann, die ein 12j\u00e4hriger l\u00f6st. Was halten sie von der Intelligenz und Charakter von einem sogenannten Richter? Meine Meinung \u00fcber diesen gebe ich hier nicht bekannt, denn sonst bekomme ich eine Klage. Denn als kleiner B\u00fcrger hat man keine Meinungsfreiheit. Ein Richter darf einen als Verbrecher hinstellen (in Korneuburg), das Verfahre n wird eingestellt. Beim Rausgehen hat der spukende Autofahrer noch gemeint, ich soll an diesem Betrag, den er in mehreren Monatsraten abstottern kann, ersticken. Das war dem hochintelligenten Richter ein L\u00e4cheln wert. Was glauben Sie welche Gr\u00fcnde es gibt, warum ein schlechtbezahlter Richter wird und nicht ein gut verdienender Anwalt? Sollte einmal einer einen Richter anspucken, so bin ich neugierig, was dann rauskommt. <\/p>\n<p>Hier aber etwas positives \u00fcber die Gerichte. Es gibt auch anst\u00e4ndige Gerichte, wie ich in den vielen Jahren feststellen konnte. Sehr anst\u00e4ndige Richter und Richterinnen in Stockerau. Leider schon geschlossen und auch in G\u00fcssing habe ich vor etlichen Jahren einen sehr anst\u00e4ndigen Richter erlebt. Aus diesem Grund gebe ich nicht die Hoffnung auf, dass es noch mehrere gibt.<\/p>\n","protected":false},"excerpt":{"rendered":"<p>Neues vom Gericht Wien 10. Richter f\u00fchrt sich wieder einmal f\u00fcrchterlich auf. Vor 2 Jahren spukte ein Autofahrer meine Frau und mich durch das offene Fenster an. Mir ist es dann gelungen, nach der 3. Kreuzung ihn zu stoppen. er wollte mich dann \u00fcberfahren. Weil das nicht gelungen ist, sprang er aus dem Auto und [&hellip;]<\/p>\n","protected":false},"author":2,"featured_media":0,"parent":0,"menu_order":0,"comment_status":"closed","ping_status":"closed","template":"","meta":{"_mi_skip_tracking":false},"_links":{"self":[{"href":"https:\/\/www.bg-amtsschimmel.com\/index.php?rest_route=\/wp\/v2\/pages\/225"}],"collection":[{"href":"https:\/\/www.bg-amtsschimmel.com\/index.php?rest_route=\/wp\/v2\/pages"}],"about":[{"href":"https:\/\/www.bg-amtsschimmel.com\/index.php?rest_route=\/wp\/v2\/types\/page"}],"author":[{"embeddable":true,"href":"https:\/\/www.bg-amtsschimmel.com\/index.php?rest_route=\/wp\/v2\/users\/2"}],"replies":[{"embeddable":true,"href":"https:\/\/www.bg-amtsschimmel.com\/index.php?rest_route=%2Fwp%2Fv2%2Fcomments&post=225"}],"version-history":[{"count":2,"href":"https:\/\/www.bg-amtsschimmel.com\/index.php?rest_route=\/wp\/v2\/pages\/225\/revisions"}],"predecessor-version":[{"id":227,"href":"https:\/\/www.bg-amtsschimmel.com\/index.php?rest_route=\/wp\/v2\/pages\/225\/revisions\/227"}],"wp:attachment":[{"href":"https:\/\/www.bg-amtsschimmel.com\/index.php?rest_route=%2Fwp%2Fv2%2Fmedia&parent=225"}],"curies":[{"name":"wp","href":"https:\/\/api.w.org\/{rel}","templated":true}]}}